{"id":92,"date":"2024-07-18T16:50:28","date_gmt":"2024-07-18T12:50:28","guid":{"rendered":"https:\/\/eternos974.live\/?page_id=92"},"modified":"2024-07-26T18:48:59","modified_gmt":"2024-07-26T14:48:59","slug":"mes-liens-sociaux","status":"publish","type":"page","link":"https:\/\/eternos974.live\/index.php\/mes-liens-sociaux\/","title":{"rendered":"Mes liens sociaux"},"content":{"rendered":"<div class=\"wp-block-image is-style-rounded\">\n<figure class=\"aligncenter size-large is-resized\"><img data-recalc-dims=\"1\" loading=\"lazy\" decoding=\"async\" width=\"1024\" height=\"308\" src=\"https:\/\/i0.wp.com\/eternos974.live\/wp-content\/uploads\/2024\/07\/eternos974_a_genereic_social_media_banner_for_a_website_bfbd3752-7e96-4d5b-8a8d-c90d507291f23796175082721594185.png?resize=1024%2C308&#038;ssl=1\" alt=\"\" class=\"wp-image-184\" style=\"width:840px;height:auto\" srcset=\"https:\/\/i0.wp.com\/eternos974.live\/wp-content\/uploads\/2024\/07\/eternos974_a_genereic_social_media_banner_for_a_website_bfbd3752-7e96-4d5b-8a8d-c90d507291f23796175082721594185.png?resize=1024%2C308&amp;ssl=1 1024w, https:\/\/i0.wp.com\/eternos974.live\/wp-content\/uploads\/2024\/07\/eternos974_a_genereic_social_media_banner_for_a_website_bfbd3752-7e96-4d5b-8a8d-c90d507291f23796175082721594185.png?resize=300%2C90&amp;ssl=1 300w, https:\/\/i0.wp.com\/eternos974.live\/wp-content\/uploads\/2024\/07\/eternos974_a_genereic_social_media_banner_for_a_website_bfbd3752-7e96-4d5b-8a8d-c90d507291f23796175082721594185.png?resize=768%2C231&amp;ssl=1 768w, https:\/\/i0.wp.com\/eternos974.live\/wp-content\/uploads\/2024\/07\/eternos974_a_genereic_social_media_banner_for_a_website_bfbd3752-7e96-4d5b-8a8d-c90d507291f23796175082721594185.png?resize=1536%2C462&amp;ssl=1 1536w, https:\/\/i0.wp.com\/eternos974.live\/wp-content\/uploads\/2024\/07\/eternos974_a_genereic_social_media_banner_for_a_website_bfbd3752-7e96-4d5b-8a8d-c90d507291f23796175082721594185.png?resize=600%2C180&amp;ssl=1 600w, https:\/\/i0.wp.com\/eternos974.live\/wp-content\/uploads\/2024\/07\/eternos974_a_genereic_social_media_banner_for_a_website_bfbd3752-7e96-4d5b-8a8d-c90d507291f23796175082721594185.png?w=1968&amp;ssl=1 1968w\" sizes=\"auto, (max-width: 1024px) 100vw, 1024px\" \/><\/figure>\n<\/div>\n\n\n<hr class=\"wp-block-separator has-alpha-channel-opacity\"\/>\n\n\n\n<!DOCTYPE html>\n<html lang=\"fr\">\n<head>\n    <meta charset=\"UTF-8\">\n    <meta name=\"viewport\" content=\"width=device-width, initial-scale=1.0\">\n    <title>Liens Sociaux<\/title>\n    <link rel=\"stylesheet\" href=\"https:\/\/cdnjs.cloudflare.com\/ajax\/libs\/font-awesome\/6.1.1\/css\/all.min.css\">\n    <style>\n        body {\n            font-family: Arial, sans-serif;\n            text-align: center;\n        }\n        .section {\n            display: inline-block;\n            width: auto;\n            padding: 20px;\n            margin: 20px;\n            background: #333;\n            border-radius: 10px;\n            position: relative;\n        }\n        h2 {\n            color: #ff66c4;\n            margin-top: 0;\n        }\n        .illustration {\n            width: 50px;\n            height: 50px;\n            position: absolute;\n            top: -25px;\n            left: 50%;\n            transform: translateX(-50%);\n            border-radius: 50%;\n            background: white;\n            padding: 5px;\n        }\n        .social-icons {\n            margin: 20px 0;\n        }\n        .social-icons a {\n            font-size: 24px;\n            margin-right: 15px;\n            text-decoration: none;\n        }\n        .social-icons a .fa-twitch { color: #6441a5; }\n        .social-icons a .fa-youtube { color: #FF0000; }\n        .social-icons a .fa-tiktok { color: #000000; }\n        .social-icons a .fa-video { color: #00ff00; } \/* Couleur verte pour Kick.com *\/\n        .social-icons a .fa-facebook { color: #1877f2; }\n        .social-icons a .fa-twitter { color: #1da1f2; }\n        .social-icons a img { width: 24px; height: 24px; }\n        .social-icons a .fa-instagram { color: #e4405f; }\n        .social-icons a .fa-discord { color: #5865F2; }\n    <\/style>\n<\/head>\n<body>\n    <div class=\"section\">\n        <img data-recalc-dims=\"1\" decoding=\"async\" src=\"https:\/\/i0.wp.com\/eternos974.live\/wp-content\/uploads\/2024\/07\/live-stream-logo-design-template-734b190682052e1a5f76a413c7f751ba_screen-e1721639809641.jpg?w=1140&#038;ssl=1\" alt=\"Illustration Streaming\" class=\"illustration\">\n        <h2>STREAMING et production vid\u00e9o<\/h2>\n        <div class=\"social-icons\">\n            <a href=\"https:\/\/twitch.tv\/Eternos974\" target=\"_blank\" rel=\"noopener\"><i class=\"fa-brands fa-twitch\"><\/i><\/a>\n            <a href=\"https:\/\/youtube.com\/c\/Eternos974\/?sub_confirmation=1\" target=\"_blank\" rel=\"noopener\"><i class=\"fa-brands fa-youtube\"><\/i><\/a>\n            <a href=\"https:\/\/tiktok.com\/@Eternos974\" target=\"_blank\" rel=\"noopener\"><i class=\"fa-brands fa-tiktok\"><\/i><\/a>\n            <a href=\"https:\/\/kick.com\/Eternos974\" target=\"_blank\" rel=\"noopener\"><i class=\"fa-solid fa-video\"><\/i><\/a>\n        <\/div>\n    <\/div>\n\n    <div class=\"section\">\n        <img data-recalc-dims=\"1\" decoding=\"async\" src=\"https:\/\/i0.wp.com\/eternos974.live\/wp-content\/uploads\/2024\/07\/Logo_informations.svg_.png?w=1140&#038;ssl=1\" alt=\"Illustration Informations\" class=\"illustration\">\n        <h2>INFORMATIONS, actualit\u00e9s et mises \u00e0 jour<\/h2>\n        <div class=\"social-icons\">\n            <a href=\"https:\/\/facebook.com\/Eternos974\" target=\"_blank\" rel=\"noopener\"><i class=\"fa-brands fa-facebook\"><\/i><\/a>\n            <a href=\"https:\/\/twitter.com\/Eternos974\" target=\"_blank\" rel=\"noopener\"><i class=\"fa-brands fa-twitter\"><\/i><\/a>\n            <a href=\"https:\/\/threads.net\/@eternos.974\" target=\"_blank\" rel=\"noopener\"><img data-recalc-dims=\"1\" decoding=\"async\" src=\"https:\/\/i0.wp.com\/eternos974.live\/wp-content\/uploads\/2024\/07\/threads.png?w=1140&#038;ssl=1\" alt=\"Threads Logo\"><\/a>\n        <\/div>\n    <\/div>\n\n    <div class=\"section\">\n        <img data-recalc-dims=\"1\" decoding=\"async\" src=\"https:\/\/i0.wp.com\/eternos974.live\/wp-content\/uploads\/2024\/07\/Video-Game-Controller-Logo-Graphics-69127373-1-580x387-1-e1721639720755.png?w=1140&#038;ssl=1\" alt=\"Illustration Coulisses\" class=\"illustration\">\n        <h2>COULISSES, lifestyle et communaut\u00e9<\/h2>\n        <div class=\"social-icons\">\n            <a href=\"https:\/\/instagram.com\/Eternos.974\" target=\"_blank\" rel=\"noopener\"><i class=\"fa-brands fa-instagram\"><\/i><\/a>\n            <a href=\"https:\/\/discord.com\/invite\/MZrCNddRTK\" target=\"_blank\" rel=\"noopener\"><i class=\"fa-brands fa-discord\"><\/i><\/a>\n        <\/div>\n    <\/div>\n<\/body>\n<\/html>\n\n","protected":false},"excerpt":{"rendered":"<p>Liens Sociaux STREAMING et production vid\u00e9o INFORMATIONS, actualit\u00e9s et mises \u00e0 jour COULISSES, lifestyle et communaut\u00e9<\/p>\n","protected":false},"author":1,"featured_media":0,"parent":0,"menu_order":0,"comment_status":"closed","ping_status":"closed","template":"","meta":{"_crdt_document":"","_monsterinsights_skip_tracking":false,"_monsterinsights_sitenote_active":false,"_monsterinsights_sitenote_note":"","_monsterinsights_sitenote_category":0,"cybocfi_hide_featured_image":"","footnotes":""},"class_list":["post-92","page","type-page","status-publish","hentry"],"aioseo_notices":[],"jetpack-related-posts":[],"jetpack_sharing_enabled":true,"_links":{"self":[{"href":"https:\/\/eternos974.live\/index.php\/wp-json\/wp\/v2\/pages\/92","targetHints":{"allow":["GET"]}}],"collection":[{"href":"https:\/\/eternos974.live\/index.php\/wp-json\/wp\/v2\/pages"}],"about":[{"href":"https:\/\/eternos974.live\/index.php\/wp-json\/wp\/v2\/types\/page"}],"author":[{"embeddable":true,"href":"https:\/\/eternos974.live\/index.php\/wp-json\/wp\/v2\/users\/1"}],"replies":[{"embeddable":true,"href":"https:\/\/eternos974.live\/index.php\/wp-json\/wp\/v2\/comments?post=92"}],"version-history":[{"count":14,"href":"https:\/\/eternos974.live\/index.php\/wp-json\/wp\/v2\/pages\/92\/revisions"}],"predecessor-version":[{"id":223,"href":"https:\/\/eternos974.live\/index.php\/wp-json\/wp\/v2\/pages\/92\/revisions\/223"}],"wp:attachment":[{"href":"https:\/\/eternos974.live\/index.php\/wp-json\/wp\/v2\/media?parent=92"}],"curies":[{"name":"wp","href":"https:\/\/api.w.org\/{rel}","templated":true}]}}